{"id":145,"date":"2024-06-06T10:40:27","date_gmt":"2024-06-06T08:40:27","guid":{"rendered":"http:\/\/martine-casteleyn.fr\/?page_id=145"},"modified":"2025-02-26T13:26:43","modified_gmt":"2025-02-26T12:26:43","slug":"biographie","status":"publish","type":"page","link":"https:\/\/martine-casteleyn.fr\/index.php\/biographie\/","title":{"rendered":"Biographie"},"content":{"rendered":"\t\t<div data-elementor-type=\"wp-page\" data-elementor-id=\"145\" class=\"elementor elementor-145\">\n\t\t\t\t<div class=\"elementor-element elementor-element-ef32fa7 e-flex e-con-boxed e-con e-parent\" data-id=\"ef32fa7\" data-element_type=\"container\" data-e-type=\"container\">\n\t\t\t\t\t<div class=\"e-con-inner\">\n\t\t<div class=\"elementor-element elementor-element-f2e1c92 e-con-full e-flex e-con e-child\" data-id=\"f2e1c92\" data-element_type=\"container\" data-e-type=\"container\">\n\t\t\t\t<div class=\"elementor-element elementor-element-05833ac elementor-widget elementor-widget-image\" data-id=\"05833ac\" data-element_type=\"widget\" data-e-type=\"widget\" data-widget_type=\"image.default\">\n\t\t\t\t<div class=\"elementor-widget-container\">\n\t\t\t\t\t\t\t\t\t\t\t\t\t\t\t<img fetchpriority=\"high\" decoding=\"async\" width=\"1167\" height=\"1600\" src=\"https:\/\/martine-casteleyn.fr\/wp-content\/uploads\/2024\/06\/casteleyn-cv-02-09-21_page-0002_MC.jpg\" class=\"attachment-full size-full wp-image-147\" alt=\"\" srcset=\"https:\/\/martine-casteleyn.fr\/wp-content\/uploads\/2024\/06\/casteleyn-cv-02-09-21_page-0002_MC.jpg 1167w, https:\/\/martine-casteleyn.fr\/wp-content\/uploads\/2024\/06\/casteleyn-cv-02-09-21_page-0002_MC-219x300.jpg 219w, https:\/\/martine-casteleyn.fr\/wp-content\/uploads\/2024\/06\/casteleyn-cv-02-09-21_page-0002_MC-747x1024.jpg 747w, https:\/\/martine-casteleyn.fr\/wp-content\/uploads\/2024\/06\/casteleyn-cv-02-09-21_page-0002_MC-768x1053.jpg 768w, https:\/\/martine-casteleyn.fr\/wp-content\/uploads\/2024\/06\/casteleyn-cv-02-09-21_page-0002_MC-1120x1536.jpg 1120w\" sizes=\"(max-width: 1167px) 100vw, 1167px\" \/>\t\t\t\t\t\t\t\t\t\t\t\t\t\t\t<\/div>\n\t\t\t\t<\/div>\n\t\t\t\t<\/div>\n\t\t<div class=\"elementor-element elementor-element-440d9ab e-con-full e-flex e-con e-child\" data-id=\"440d9ab\" data-element_type=\"container\" data-e-type=\"container\">\n\t\t\t\t<div class=\"elementor-element elementor-element-7da2821 elementor-widget elementor-widget-text-editor\" data-id=\"7da2821\" data-element_type=\"widget\" data-e-type=\"widget\" data-widget_type=\"text-editor.default\">\n\t\t\t\t<div class=\"elementor-widget-container\">\n\t\t\t\t\t\t\t\t\t<h3>Martine CASTELEYN<\/h3><h5><strong>Artiste peintre plasticienne<\/strong><\/h5><p>\u00a0<\/p><p>N\u00e9e en Afrique. <br \/>A v\u00e9cu au Congo, au Canada, en Alg\u00e9rie et en diff\u00e9rentes r\u00e9gions de France.<br \/>Vit et travaille aujourd\u2019hui en Bretagne.<\/p><p>\u00a0<\/p><p align=\"justify\"><strong>FORMATION<\/strong><\/p><p>\u2022 1975 \u2013 E.N.A.P.<br \/>\u2022 1982 &#8211; Infographie avec APPLE et les \u00e9ditions Acte Sud (Paris, Arles)<br \/>\u2022 2000 \u2013 Sp\u00e9cialisation : gravure (Lille)<br \/>\u2022 2008 \u2013 E.S.A.A.T. (Roubaix) : pl\u00e2tre et terre.<\/p>\t\t\t\t\t\t\t\t<\/div>\n\t\t\t\t<\/div>\n\t\t\t\t<\/div>\n\t\t\t\t\t<\/div>\n\t\t\t\t<\/div>\n\t\t<div class=\"elementor-element elementor-element-30310ad e-flex e-con-boxed e-con e-parent\" data-id=\"30310ad\" data-element_type=\"container\" data-e-type=\"container\">\n\t\t\t\t\t<div class=\"e-con-inner\">\n\t\t\t\t<div class=\"elementor-element elementor-element-3d1d35e elementor-widget elementor-widget-text-editor\" data-id=\"3d1d35e\" data-element_type=\"widget\" data-e-type=\"widget\" data-widget_type=\"text-editor.default\">\n\t\t\t\t<div class=\"elementor-widget-container\">\n\t\t\t\t\t\t\t\t\t<p>\u00a0<\/p><p><strong>OEUVRES PUBLIQUES<\/strong><br \/>\u2022 Centre social, Belley \u2022 Champs Manceaux \u2013 Aim\u00e9 C\u00e9saire, Rennes \u2022 H\u00f4tel de Ville de Lille (Pellevoisin) \u2022 CISIH, CHU, Tourcoing.<\/p><p><strong>CARNETS DE ROUTE \/ JOURNAUX \/ LIVRES D\u2019ARTISTE<\/strong><br \/>Sifnos \/ Mer Eg\u00e9e &#8211; Coimbra \/Portugal &#8211; Le Grand Nord \/ chez les inuites &#8211; Le macadam de K\u00e9rio, Morbihan &#8211; Sur les traces des druides \u00e0 Kerzh\u00e9ro \u2013 Lac Natron \/Tanzanie \u2013 \u00cele aux oiseaux, \/R\u00e9union &#8211; Au Pays du Baobab, S\u00e9n\u00e9gal\u2026<\/p><p><strong>PRINCIPALES EXPOSITIONS et INSTALLATIONS INDIVIDUELLES<\/strong><br \/>\u2022 Morbihan : Belz : M\u00e9diath\u00e8que \u2022 Plouhinec : Asso. Germaine Tillon<br \/>\u2022 Riantec : Ch\u00e2teau Kerdurand<br \/>\u2022 Rennes : Centre Culturel Aim\u00e9 C\u00e9saire, M\u00e9diath\u00e8que, Les Lices.<br \/>\u2022 Paris : Galeries M\u00e9tano\u00efa et Mona Lisa<br \/>\u2022 Lille : Galerie Karibou, Galerie La Madeleine, H\u00f4tel de Ville, Fondation Albert Pruvost, Galerie Septentrion, Espace Saint Joseph<br \/>\u2022 GRECE : Sifnos Art\u00e9mona.<\/p><p><strong>EXPOSITIONS et INSTALLATIONS COLLECTIVES<\/strong><br \/>\u2022 Morbihan : Auray \u2013 Brech \u2013 Belz \u2013 Etel &#8211; Carnac &#8211; Arradon<br \/>\u2022 Centre-Val de Loire : Parc des Mauves (45), Mus\u00e9e de la Corbilli\u00e8re \u00e0 Mer (41), Chapelle de l&rsquo;H\u00f4tel Dieu \u00e0 Dreux (28) \u2026<br \/>\u2022 Lille : Maison Folie, Lille 3000 : Capitale Europ\u00e9enne de la Culture.<br \/>\u2022 Paris : Grand Palais, Ecole National des Beaux- Arts, CNIT La D\u00e9fense, Fondation Apple.<br \/>\u2022 Nantes : Galerie \u00ab Le 56 \u00bb \u2022 Morbihan : Plouhinec, Riantec, Auray, Vannes\u2026<br \/>\u2022 CANADA : Qu\u00e9bec<br \/>\u2022 LUXEMBOURG : Esch sur Alzette<br \/>\u2022 TUNISIE : Tunis, Fondation Apple<\/p><p><strong>INTERVENTIONS ARTISTIQUES ET AUTRES ACTIVIT\u00c9S<\/strong><br \/>\u2022 Lille (1985 &#8211; 2008) : <br \/>Professeur d\u2019Arts Plastiques et responsable d\u2019un p\u00f4le culturel, intervenante en milieu scolaire, d\u00e9cors de th\u00e9\u00e2tre et affiches<br \/>Conseill\u00e8re de quartier \/ cr\u00e9ation d\u2019une troupe de th\u00e9\u00e2tre pour enfants<br \/>Intervenante en Maison de Retraite, pour l\u2019association Capharna\u00fcm et aupr\u00e8s de La Poste (organisation d\u2019expositions), intervenante ENSAM avec Philippe Coste (fonderie).<br \/>Membre du jury concours de dessins pour le Furet du Nord.<br \/>\u2022 Bretagne \/ 2008 \u00e0 2023 :<br \/>Rennes : Intervention en arts plastiques pour le Centre Socio Culturel Aim\u00e9 C\u00e9saire et l\u2019association Vern-sur-Seiche (Centre culturel Le Volume) : Meltem<br \/>Belz : M\u00e9diath\u00e8que<br \/>Auray : Cit\u00e9 en F\u00eate de Bretagne<br \/>Brech : atelier plein air \u00ab Rosace \u00bb<br \/>Carnac : Ecole Primaire public<br \/>\u2022 Gr\u00e8ce : 2015 \/2017 : Sifnos (Atelier enfants et adultes) en r\u00e9sidence d\u2019artiste.<\/p><p><strong>MEDIAS<\/strong><br \/>\u2022 T\u00e9l\u00e9vision : FR3, Mars 2007 : \u00ab Les Fen\u00eatres qui Parlent \u00bb : oeuvres chez l\u2019habitant, Lille. M6, Mars 2005 : \u00ab Les Fen\u00eatres qui Parlent \u00bb : oeuvres chez l\u2019habitant, Lille. FR3, Mai 1993 : CISIH H\u00f4pital de Roubaix, peintures d\u00e9multipli\u00e9es. \u2022 Articles de presse : Voix du Nord, Ouest France, Gazette de l\u2019Ain, Gazette New Delhi (Inde) etc\u2026 \u2022 Facebook \u2022 YouTube VIDEO<\/p>\t\t\t\t\t\t\t\t<\/div>\n\t\t\t\t<\/div>\n\t\t\t\t\t<\/div>\n\t\t\t\t<\/div>\n\t\t\t\t<\/div>\n\t\t","protected":false},"excerpt":{"rendered":"<p>Martine CASTELEYN Artiste peintre plasticienne \u00a0 N\u00e9e en Afrique. A v\u00e9cu au Congo, au Canada, en Alg\u00e9rie et en diff\u00e9rentes r\u00e9gions de France.Vit et travaille aujourd\u2019hui en Bretagne. \u00a0 FORMATION \u2022 1975 \u2013 E.N.A.P.\u2022 1982 &#8211; Infographie avec APPLE et les \u00e9ditions Acte Sud (Paris, Arles)\u2022 2000 \u2013 Sp\u00e9cialisation : gravure (Lille)\u2022 2008 \u2013 E.S.A.A.T. (Roubaix) : pl\u00e2tre et terre. \u00a0 OEUVRES PUBLIQUES\u2022 Centre social, Belley \u2022 Champs Manceaux \u2013 Aim\u00e9 C\u00e9saire, Rennes \u2022 H\u00f4tel de Ville de Lille (Pellevoisin) \u2022 CISIH, CHU, Tourcoing. CARNETS DE ROUTE \/ JOURNAUX \/ LIVRES D\u2019ARTISTESifnos \/ Mer Eg\u00e9e &#8211; Coimbra \/Portugal &#8211; Le<\/p>\n<p><a href=\"https:\/\/martine-casteleyn.fr\/index.php\/biographie\/\" class=\"more-link\">Lire la suite&#8230;<span class=\"screen-reader-text\">Biographie<\/span><\/a><\/p>\n","protected":false},"author":1,"featured_media":147,"parent":0,"menu_order":0,"comment_status":"closed","ping_status":"closed","template":"elementor_theme","meta":{"_seopress_robots_primary_cat":"","_seopress_titles_title":"","_seopress_titles_desc":"","_seopress_robots_index":"","iawp_total_views":25,"footnotes":""},"class_list":["post-145","page","type-page","status-publish","has-post-thumbnail","hentry"],"_links":{"self":[{"href":"https:\/\/martine-casteleyn.fr\/index.php\/wp-json\/wp\/v2\/pages\/145","targetHints":{"allow":["GET"]}}],"collection":[{"href":"https:\/\/martine-casteleyn.fr\/index.php\/wp-json\/wp\/v2\/pages"}],"about":[{"href":"https:\/\/martine-casteleyn.fr\/index.php\/wp-json\/wp\/v2\/types\/page"}],"author":[{"embeddable":true,"href":"https:\/\/martine-casteleyn.fr\/index.php\/wp-json\/wp\/v2\/users\/1"}],"replies":[{"embeddable":true,"href":"https:\/\/martine-casteleyn.fr\/index.php\/wp-json\/wp\/v2\/comments?post=145"}],"version-history":[{"count":58,"href":"https:\/\/martine-casteleyn.fr\/index.php\/wp-json\/wp\/v2\/pages\/145\/revisions"}],"predecessor-version":[{"id":1121,"href":"https:\/\/martine-casteleyn.fr\/index.php\/wp-json\/wp\/v2\/pages\/145\/revisions\/1121"}],"wp:featuredmedia":[{"embeddable":true,"href":"https:\/\/martine-casteleyn.fr\/index.php\/wp-json\/wp\/v2\/media\/147"}],"wp:attachment":[{"href":"https:\/\/martine-casteleyn.fr\/index.php\/wp-json\/wp\/v2\/media?parent=145"}],"curies":[{"name":"wp","href":"https:\/\/api.w.org\/{rel}","templated":true}]}}