{"id":262,"date":"2024-06-06T13:29:32","date_gmt":"2024-06-06T11:29:32","guid":{"rendered":"http:\/\/martine-casteleyn.fr\/?page_id=262"},"modified":"2025-09-18T14:13:11","modified_gmt":"2025-09-18T12:13:11","slug":"actualites","status":"publish","type":"page","link":"https:\/\/martine-casteleyn.fr\/index.php\/actualites\/","title":{"rendered":"Actualit\u00e9s"},"content":{"rendered":"\t\t<div data-elementor-type=\"wp-page\" data-elementor-id=\"262\" class=\"elementor elementor-262\">\n\t\t\t\t<div class=\"elementor-element elementor-element-a237df2 e-flex e-con-boxed e-con e-parent\" data-id=\"a237df2\" data-element_type=\"container\" data-e-type=\"container\">\n\t\t\t\t\t<div class=\"e-con-inner\">\n\t\t\t\t\t<\/div>\n\t\t\t\t<\/div>\n\t\t<div class=\"elementor-element elementor-element-af7d47c e-flex e-con-boxed e-con e-parent\" data-id=\"af7d47c\" data-element_type=\"container\" data-e-type=\"container\">\n\t\t\t\t\t<div class=\"e-con-inner\">\n\t\t\t\t<div class=\"elementor-element elementor-element-496e951 elementor-widget elementor-widget-image\" data-id=\"496e951\" data-element_type=\"widget\" data-e-type=\"widget\" data-widget_type=\"image.default\">\n\t\t\t\t<div class=\"elementor-widget-container\">\n\t\t\t\t\t\t\t\t\t\t\t\t\t\t\t<img fetchpriority=\"high\" decoding=\"async\" width=\"1024\" height=\"341\" src=\"https:\/\/martine-casteleyn.fr\/wp-content\/uploads\/2024\/06\/20220201_121458_MC-1024x341.jpg\" class=\"attachment-large size-large wp-image-943\" alt=\"\" srcset=\"https:\/\/martine-casteleyn.fr\/wp-content\/uploads\/2024\/06\/20220201_121458_MC-1024x341.jpg 1024w, https:\/\/martine-casteleyn.fr\/wp-content\/uploads\/2024\/06\/20220201_121458_MC-300x100.jpg 300w, https:\/\/martine-casteleyn.fr\/wp-content\/uploads\/2024\/06\/20220201_121458_MC-768x256.jpg 768w, https:\/\/martine-casteleyn.fr\/wp-content\/uploads\/2024\/06\/20220201_121458_MC-1536x512.jpg 1536w, https:\/\/martine-casteleyn.fr\/wp-content\/uploads\/2024\/06\/20220201_121458_MC.jpg 1600w\" sizes=\"(max-width: 1024px) 100vw, 1024px\" \/>\t\t\t\t\t\t\t\t\t\t\t\t\t\t\t<\/div>\n\t\t\t\t<\/div>\n\t\t\t\t<div class=\"elementor-element elementor-element-36e587e elementor-widget elementor-widget-heading\" data-id=\"36e587e\" data-element_type=\"widget\" data-e-type=\"widget\" data-widget_type=\"heading.default\">\n\t\t\t\t<div class=\"elementor-widget-container\">\n\t\t\t\t\t<h2 class=\"elementor-heading-title elementor-size-default\">RAD\u2019ART<\/h2>\t\t\t\t<\/div>\n\t\t\t\t<\/div>\n\t\t\t\t<div class=\"elementor-element elementor-element-f1e7e61 elementor-widget elementor-widget-text-editor\" data-id=\"f1e7e61\" data-element_type=\"widget\" data-e-type=\"widget\" data-widget_type=\"text-editor.default\">\n\t\t\t\t<div class=\"elementor-widget-container\">\n\t\t\t\t\t\t\t\t\t<h4><strong>Samedi 28 et dimanche 29 septembre<\/strong> 2025<\/h4><p>56670 Riantec<\/p>\t\t\t\t\t\t\t\t<\/div>\n\t\t\t\t<\/div>\n\t\t\t\t\t<\/div>\n\t\t\t\t<\/div>\n\t\t<div class=\"elementor-element elementor-element-7f564f7 e-flex e-con-boxed e-con e-parent\" data-id=\"7f564f7\" data-element_type=\"container\" data-e-type=\"container\">\n\t\t\t\t\t<div class=\"e-con-inner\">\n\t\t\t\t\t<\/div>\n\t\t\t\t<\/div>\n\t\t<div class=\"elementor-element elementor-element-ef90674 e-flex e-con-boxed e-con e-parent\" data-id=\"ef90674\" data-element_type=\"container\" data-e-type=\"container\">\n\t\t\t\t\t<div class=\"e-con-inner\">\n\t\t\t\t<div class=\"elementor-element elementor-element-98e15bb elementor-widget-divider--view-line elementor-widget elementor-widget-divider\" data-id=\"98e15bb\" data-element_type=\"widget\" data-e-type=\"widget\" data-widget_type=\"divider.default\">\n\t\t\t\t<div class=\"elementor-widget-container\">\n\t\t\t\t\t\t\t<div class=\"elementor-divider\">\n\t\t\t<span class=\"elementor-divider-separator\">\n\t\t\t\t\t\t<\/span>\n\t\t<\/div>\n\t\t\t\t\t\t<\/div>\n\t\t\t\t<\/div>\n\t\t<div class=\"elementor-element elementor-element-9b0445d e-con-full e-flex e-con e-child\" data-id=\"9b0445d\" data-element_type=\"container\" data-e-type=\"container\">\n\t\t\t\t<div class=\"elementor-element elementor-element-5e6622b elementor-widget elementor-widget-spacer\" data-id=\"5e6622b\" data-element_type=\"widget\" data-e-type=\"widget\" data-widget_type=\"spacer.default\">\n\t\t\t\t<div class=\"elementor-widget-container\">\n\t\t\t\t\t\t\t<div class=\"elementor-spacer\">\n\t\t\t<div class=\"elementor-spacer-inner\"><\/div>\n\t\t<\/div>\n\t\t\t\t\t\t<\/div>\n\t\t\t\t<\/div>\n\t\t\t\t<\/div>\n\t\t\t\t\t<\/div>\n\t\t\t\t<\/div>\n\t\t<div class=\"elementor-element elementor-element-87a5bef e-flex e-con-boxed e-con e-parent\" data-id=\"87a5bef\" data-element_type=\"container\" data-e-type=\"container\">\n\t\t\t\t\t<div class=\"e-con-inner\">\n\t\t\t\t<div class=\"elementor-element elementor-element-bc3a7d4 elementor-widget elementor-widget-image\" data-id=\"bc3a7d4\" data-element_type=\"widget\" data-e-type=\"widget\" data-widget_type=\"image.default\">\n\t\t\t\t<div class=\"elementor-widget-container\">\n\t\t\t\t\t\t\t\t\t\t\t\t\t\t\t<img decoding=\"async\" width=\"817\" height=\"1024\" src=\"https:\/\/martine-casteleyn.fr\/wp-content\/uploads\/2025\/09\/DCALP_INSTA_2025_Liste-817x1024.jpg.webp\" class=\"attachment-large size-large wp-image-1210\" alt=\"\" srcset=\"https:\/\/martine-casteleyn.fr\/wp-content\/uploads\/2025\/09\/DCALP_INSTA_2025_Liste-817x1024.jpg.webp 817w, https:\/\/martine-casteleyn.fr\/wp-content\/uploads\/2025\/09\/DCALP_INSTA_2025_Liste-817x1024.jpg-239x300.webp 239w, https:\/\/martine-casteleyn.fr\/wp-content\/uploads\/2025\/09\/DCALP_INSTA_2025_Liste-817x1024.jpg-768x963.webp 768w, https:\/\/martine-casteleyn.fr\/wp-content\/uploads\/2025\/09\/DCALP_INSTA_2025_Liste-817x1024.jpg-100x125.webp 100w\" sizes=\"(max-width: 817px) 100vw, 817px\" \/>\t\t\t\t\t\t\t\t\t\t\t\t\t\t\t<\/div>\n\t\t\t\t<\/div>\n\t\t\t\t\t<\/div>\n\t\t\t\t<\/div>\n\t\t<div class=\"elementor-element elementor-element-d89b924 e-flex e-con-boxed e-con e-parent\" data-id=\"d89b924\" data-element_type=\"container\" data-e-type=\"container\">\n\t\t\t\t\t<div class=\"e-con-inner\">\n\t\t\t\t<div class=\"elementor-element elementor-element-dd184fe elementor-widget-divider--view-line elementor-widget elementor-widget-divider\" data-id=\"dd184fe\" data-element_type=\"widget\" data-e-type=\"widget\" data-widget_type=\"divider.default\">\n\t\t\t\t<div class=\"elementor-widget-container\">\n\t\t\t\t\t\t\t<div class=\"elementor-divider\">\n\t\t\t<span class=\"elementor-divider-separator\">\n\t\t\t\t\t\t<\/span>\n\t\t<\/div>\n\t\t\t\t\t\t<\/div>\n\t\t\t\t<\/div>\n\t\t<div class=\"elementor-element elementor-element-0577f00 e-con-full e-flex e-con e-child\" data-id=\"0577f00\" data-element_type=\"container\" data-e-type=\"container\">\n\t\t\t\t<div class=\"elementor-element elementor-element-e65c6e7 elementor-widget elementor-widget-spacer\" data-id=\"e65c6e7\" data-element_type=\"widget\" data-e-type=\"widget\" data-widget_type=\"spacer.default\">\n\t\t\t\t<div class=\"elementor-widget-container\">\n\t\t\t\t\t\t\t<div class=\"elementor-spacer\">\n\t\t\t<div class=\"elementor-spacer-inner\"><\/div>\n\t\t<\/div>\n\t\t\t\t\t\t<\/div>\n\t\t\t\t<\/div>\n\t\t\t\t<\/div>\n\t\t\t\t\t<\/div>\n\t\t\t\t<\/div>\n\t\t<div class=\"elementor-element elementor-element-b2d1e76 e-flex e-con-boxed e-con e-parent\" data-id=\"b2d1e76\" data-element_type=\"container\" data-e-type=\"container\">\n\t\t\t\t\t<div class=\"e-con-inner\">\n\t\t<div class=\"elementor-element elementor-element-d88294b e-con-full e-flex e-con e-child\" data-id=\"d88294b\" data-element_type=\"container\" data-e-type=\"container\">\n\t\t\t\t<div class=\"elementor-element elementor-element-9950f94 elementor-widget elementor-widget-image\" data-id=\"9950f94\" data-element_type=\"widget\" data-e-type=\"widget\" data-widget_type=\"image.default\">\n\t\t\t\t<div class=\"elementor-widget-container\">\n\t\t\t\t\t\t\t\t\t\t\t\t\t\t\t\t<a href=\"http:\/\/martine-casteleyn.fr\/wp-content\/uploads\/2025\/02\/ERYA-Dreux2025-Affiche_web.jpg\" data-elementor-open-lightbox=\"yes\" data-elementor-lightbox-title=\"ERYA-Dreux2025-Affiche_web\" data-e-action-hash=\"#elementor-action%3Aaction%3Dlightbox%26settings%3DeyJpZCI6MTA5NiwidXJsIjoiaHR0cHM6XC9cL21hcnRpbmUtY2FzdGVsZXluLmZyXC93cC1jb250ZW50XC91cGxvYWRzXC8yMDI1XC8wMlwvRVJZQS1EcmV1eDIwMjUtQWZmaWNoZV93ZWIuanBnIn0%3D\">\n\t\t\t\t\t\t\t<img decoding=\"async\" width=\"724\" height=\"1024\" src=\"https:\/\/martine-casteleyn.fr\/wp-content\/uploads\/2025\/02\/ERYA-Dreux2025-Affiche_web-724x1024.jpg\" class=\"attachment-large size-large wp-image-1096\" alt=\"\" srcset=\"https:\/\/martine-casteleyn.fr\/wp-content\/uploads\/2025\/02\/ERYA-Dreux2025-Affiche_web-724x1024.jpg 724w, https:\/\/martine-casteleyn.fr\/wp-content\/uploads\/2025\/02\/ERYA-Dreux2025-Affiche_web-212x300.jpg 212w, https:\/\/martine-casteleyn.fr\/wp-content\/uploads\/2025\/02\/ERYA-Dreux2025-Affiche_web-768x1086.jpg 768w, https:\/\/martine-casteleyn.fr\/wp-content\/uploads\/2025\/02\/ERYA-Dreux2025-Affiche_web-1086x1536.jpg 1086w, https:\/\/martine-casteleyn.fr\/wp-content\/uploads\/2025\/02\/ERYA-Dreux2025-Affiche_web.jpg 1414w\" sizes=\"(max-width: 724px) 100vw, 724px\" \/>\t\t\t\t\t\t\t\t<\/a>\n\t\t\t\t\t\t\t\t\t\t\t\t\t\t\t<\/div>\n\t\t\t\t<\/div>\n\t\t\t\t<\/div>\n\t\t<div class=\"elementor-element elementor-element-81336bd e-con-full e-flex e-con e-child\" data-id=\"81336bd\" data-element_type=\"container\" data-e-type=\"container\">\n\t\t\t\t<div class=\"elementor-element elementor-element-2af221b elementor-widget elementor-widget-heading\" data-id=\"2af221b\" data-element_type=\"widget\" data-e-type=\"widget\" data-widget_type=\"heading.default\">\n\t\t\t\t<div class=\"elementor-widget-container\">\n\t\t\t\t\t<h2 class=\"elementor-heading-title elementor-size-default\">Traces<\/h2>\t\t\t\t<\/div>\n\t\t\t\t<\/div>\n\t\t\t\t<div class=\"elementor-element elementor-element-a368ab6 elementor-widget elementor-widget-text-editor\" data-id=\"a368ab6\" data-element_type=\"widget\" data-e-type=\"widget\" data-widget_type=\"text-editor.default\">\n\t\t\t\t<div class=\"elementor-widget-container\">\n\t\t\t\t\t\t\t\t\t<h4>Exposition du 27 mai au 3 juin 2025<\/h4><p><strong>Chapelle de l\u2019h\u00f4tel Dieu<\/strong><br \/>Gd Rue Maurice Viollette<br \/>28100 Dreux<\/p>\t\t\t\t\t\t\t\t<\/div>\n\t\t\t\t<\/div>\n\t\t\t\t<div class=\"elementor-element elementor-element-7fdfdb0 elementor-widget elementor-widget-button\" data-id=\"7fdfdb0\" data-element_type=\"widget\" data-e-type=\"widget\" data-widget_type=\"button.default\">\n\t\t\t\t<div class=\"elementor-widget-container\">\n\t\t\t\t\t\t\t\t\t<div class=\"elementor-button-wrapper\">\n\t\t\t\t\t<a class=\"elementor-button elementor-button-link elementor-size-sm\" href=\"https:\/\/traces.erya.info\/\" target=\"_blank\">\n\t\t\t\t\t\t<span class=\"elementor-button-content-wrapper\">\n\t\t\t\t\t\t\t\t\t<span class=\"elementor-button-text\">Plus d'infos<\/span>\n\t\t\t\t\t<\/span>\n\t\t\t\t\t<\/a>\n\t\t\t\t<\/div>\n\t\t\t\t\t\t\t\t<\/div>\n\t\t\t\t<\/div>\n\t\t\t\t<div class=\"elementor-element elementor-element-137ee4c elementor-widget elementor-widget-image\" data-id=\"137ee4c\" data-element_type=\"widget\" data-e-type=\"widget\" data-widget_type=\"image.default\">\n\t\t\t\t<div class=\"elementor-widget-container\">\n\t\t\t\t\t\t\t\t\t\t\t\t\t\t\t<img loading=\"lazy\" decoding=\"async\" width=\"1024\" height=\"1024\" src=\"https:\/\/martine-casteleyn.fr\/wp-content\/uploads\/2025\/02\/ERYA-Dreux2025-Martine-CASTELEYN_w-1024x1024.jpg\" class=\"attachment-large size-large wp-image-1112\" alt=\"\" srcset=\"https:\/\/martine-casteleyn.fr\/wp-content\/uploads\/2025\/02\/ERYA-Dreux2025-Martine-CASTELEYN_w-1024x1024.jpg 1024w, https:\/\/martine-casteleyn.fr\/wp-content\/uploads\/2025\/02\/ERYA-Dreux2025-Martine-CASTELEYN_w-300x300.jpg 300w, https:\/\/martine-casteleyn.fr\/wp-content\/uploads\/2025\/02\/ERYA-Dreux2025-Martine-CASTELEYN_w-150x150.jpg 150w, https:\/\/martine-casteleyn.fr\/wp-content\/uploads\/2025\/02\/ERYA-Dreux2025-Martine-CASTELEYN_w-768x768.jpg 768w, https:\/\/martine-casteleyn.fr\/wp-content\/uploads\/2025\/02\/ERYA-Dreux2025-Martine-CASTELEYN_w-508x508.jpg 508w, https:\/\/martine-casteleyn.fr\/wp-content\/uploads\/2025\/02\/ERYA-Dreux2025-Martine-CASTELEYN_w.jpg 1080w\" sizes=\"(max-width: 1024px) 100vw, 1024px\" \/>\t\t\t\t\t\t\t\t\t\t\t\t\t\t\t<\/div>\n\t\t\t\t<\/div>\n\t\t\t\t<\/div>\n\t\t\t\t\t<\/div>\n\t\t\t\t<\/div>\n\t\t<div class=\"elementor-element elementor-element-4abd1c9 e-flex e-con-boxed e-con e-parent\" data-id=\"4abd1c9\" data-element_type=\"container\" data-e-type=\"container\">\n\t\t\t\t\t<div class=\"e-con-inner\">\n\t\t\t\t<div class=\"elementor-element elementor-element-a616980 elementor-widget-divider--view-line elementor-widget elementor-widget-divider\" data-id=\"a616980\" data-element_type=\"widget\" data-e-type=\"widget\" data-widget_type=\"divider.default\">\n\t\t\t\t<div class=\"elementor-widget-container\">\n\t\t\t\t\t\t\t<div class=\"elementor-divider\">\n\t\t\t<span class=\"elementor-divider-separator\">\n\t\t\t\t\t\t<\/span>\n\t\t<\/div>\n\t\t\t\t\t\t<\/div>\n\t\t\t\t<\/div>\n\t\t<div class=\"elementor-element elementor-element-eded5d9 e-con-full e-flex e-con e-child\" data-id=\"eded5d9\" data-element_type=\"container\" data-e-type=\"container\">\n\t\t\t\t<div class=\"elementor-element elementor-element-fe455f5 elementor-widget elementor-widget-spacer\" data-id=\"fe455f5\" data-element_type=\"widget\" data-e-type=\"widget\" data-widget_type=\"spacer.default\">\n\t\t\t\t<div class=\"elementor-widget-container\">\n\t\t\t\t\t\t\t<div class=\"elementor-spacer\">\n\t\t\t<div class=\"elementor-spacer-inner\"><\/div>\n\t\t<\/div>\n\t\t\t\t\t\t<\/div>\n\t\t\t\t<\/div>\n\t\t\t\t<\/div>\n\t\t\t\t\t<\/div>\n\t\t\t\t<\/div>\n\t\t<div class=\"elementor-element elementor-element-9490ef3 e-flex e-con-boxed e-con e-parent\" data-id=\"9490ef3\" data-element_type=\"container\" data-e-type=\"container\">\n\t\t\t\t\t<div class=\"e-con-inner\">\n\t\t<div class=\"elementor-element elementor-element-04b8650 e-con-full e-flex e-con e-child\" data-id=\"04b8650\" data-element_type=\"container\" data-e-type=\"container\">\n\t\t\t\t<div class=\"elementor-element elementor-element-3b4d9e0 elementor-widget elementor-widget-image\" data-id=\"3b4d9e0\" data-element_type=\"widget\" data-e-type=\"widget\" data-widget_type=\"image.default\">\n\t\t\t\t<div class=\"elementor-widget-container\">\n\t\t\t\t\t\t\t\t\t\t\t\t\t\t\t\t<a href=\"http:\/\/martine-casteleyn.fr\/wp-content\/uploads\/2025\/03\/MC.jpg\" data-elementor-open-lightbox=\"yes\" data-elementor-lightbox-title=\"MC\" data-e-action-hash=\"#elementor-action%3Aaction%3Dlightbox%26settings%3DeyJpZCI6MTEyMywidXJsIjoiaHR0cHM6XC9cL21hcnRpbmUtY2FzdGVsZXluLmZyXC93cC1jb250ZW50XC91cGxvYWRzXC8yMDI1XC8wM1wvTUMuanBnIn0%3D\">\n\t\t\t\t\t\t\t<img loading=\"lazy\" decoding=\"async\" width=\"667\" height=\"944\" src=\"https:\/\/martine-casteleyn.fr\/wp-content\/uploads\/2025\/03\/MC.jpg\" class=\"attachment-large size-large wp-image-1123\" alt=\"\" srcset=\"https:\/\/martine-casteleyn.fr\/wp-content\/uploads\/2025\/03\/MC.jpg 667w, https:\/\/martine-casteleyn.fr\/wp-content\/uploads\/2025\/03\/MC-212x300.jpg 212w\" sizes=\"(max-width: 667px) 100vw, 667px\" \/>\t\t\t\t\t\t\t\t<\/a>\n\t\t\t\t\t\t\t\t\t\t\t\t\t\t\t<\/div>\n\t\t\t\t<\/div>\n\t\t\t\t<\/div>\n\t\t<div class=\"elementor-element elementor-element-3fb9255 e-con-full e-flex e-con e-child\" data-id=\"3fb9255\" data-element_type=\"container\" data-e-type=\"container\">\n\t\t\t\t<div class=\"elementor-element elementor-element-0c67dab elementor-widget elementor-widget-heading\" data-id=\"0c67dab\" data-element_type=\"widget\" data-e-type=\"widget\" data-widget_type=\"heading.default\">\n\t\t\t\t<div class=\"elementor-widget-container\">\n\t\t\t\t\t<h2 class=\"elementor-heading-title elementor-size-default\">Paysage pas si sage <\/h2>\t\t\t\t<\/div>\n\t\t\t\t<\/div>\n\t\t\t\t<div class=\"elementor-element elementor-element-983f9e5 elementor-widget elementor-widget-text-editor\" data-id=\"983f9e5\" data-element_type=\"widget\" data-e-type=\"widget\" data-widget_type=\"text-editor.default\">\n\t\t\t\t<div class=\"elementor-widget-container\">\n\t\t\t\t\t\t\t\t\t<h4>Exposition du 5\u00a0au 27 avril\u00a02025<\/h4><p><strong>Chapelle du Saint-Esprit<\/strong><br \/>Place du Four Mollet<br \/>56400 Auray<\/p>\t\t\t\t\t\t\t\t<\/div>\n\t\t\t\t<\/div>\n\t\t\t\t<div class=\"elementor-element elementor-element-53984da elementor-widget elementor-widget-text-editor\" data-id=\"53984da\" data-element_type=\"widget\" data-e-type=\"widget\" data-widget_type=\"text-editor.default\">\n\t\t\t\t<div class=\"elementor-widget-container\">\n\t\t\t\t\t\t\t\t\t<h5>Vernissage vendredi 4 avril 2025 \u00e0 18h30<\/h5><p>Entr\u00e9e libre tous les jours de 11h \u00e0 18h<\/p>\t\t\t\t\t\t\t\t<\/div>\n\t\t\t\t<\/div>\n\t\t\t\t<div class=\"elementor-element elementor-element-e54b41a elementor-widget elementor-widget-button\" data-id=\"e54b41a\" data-element_type=\"widget\" data-e-type=\"widget\" data-widget_type=\"button.default\">\n\t\t\t\t<div class=\"elementor-widget-container\">\n\t\t\t\t\t\t\t\t\t<div class=\"elementor-button-wrapper\">\n\t\t\t\t\t<a class=\"elementor-button elementor-button-link elementor-size-sm\" href=\"https:\/\/artistes-pays-auray.com\/\" target=\"_blank\">\n\t\t\t\t\t\t<span class=\"elementor-button-content-wrapper\">\n\t\t\t\t\t\t\t\t\t<span class=\"elementor-button-text\">Plus d'infos<\/span>\n\t\t\t\t\t<\/span>\n\t\t\t\t\t<\/a>\n\t\t\t\t<\/div>\n\t\t\t\t\t\t\t\t<\/div>\n\t\t\t\t<\/div>\n\t\t\t\t<\/div>\n\t\t\t\t\t<\/div>\n\t\t\t\t<\/div>\n\t\t<div class=\"elementor-element elementor-element-09c6452 e-flex e-con-boxed e-con e-parent\" data-id=\"09c6452\" data-element_type=\"container\" data-e-type=\"container\">\n\t\t\t\t\t<div class=\"e-con-inner\">\n\t\t\t\t<div class=\"elementor-element elementor-element-114756b elementor-widget-divider--view-line elementor-widget elementor-widget-divider\" data-id=\"114756b\" data-element_type=\"widget\" data-e-type=\"widget\" data-widget_type=\"divider.default\">\n\t\t\t\t<div class=\"elementor-widget-container\">\n\t\t\t\t\t\t\t<div class=\"elementor-divider\">\n\t\t\t<span class=\"elementor-divider-separator\">\n\t\t\t\t\t\t<\/span>\n\t\t<\/div>\n\t\t\t\t\t\t<\/div>\n\t\t\t\t<\/div>\n\t\t\t\t\t<\/div>\n\t\t\t\t<\/div>\n\t\t<div class=\"elementor-element elementor-element-351f05e e-flex e-con-boxed e-con e-parent\" data-id=\"351f05e\" data-element_type=\"container\" data-e-type=\"container\">\n\t\t\t\t\t<div class=\"e-con-inner\">\n\t\t\t\t<div class=\"elementor-element elementor-element-a34c4bb elementor-widget elementor-widget-spacer\" data-id=\"a34c4bb\" data-element_type=\"widget\" data-e-type=\"widget\" data-widget_type=\"spacer.default\">\n\t\t\t\t<div class=\"elementor-widget-container\">\n\t\t\t\t\t\t\t<div class=\"elementor-spacer\">\n\t\t\t<div class=\"elementor-spacer-inner\"><\/div>\n\t\t<\/div>\n\t\t\t\t\t\t<\/div>\n\t\t\t\t<\/div>\n\t\t\t\t\t<\/div>\n\t\t\t\t<\/div>\n\t\t<div class=\"elementor-element elementor-element-03c01d3 e-flex e-con-boxed e-con e-parent\" data-id=\"03c01d3\" data-element_type=\"container\" data-e-type=\"container\">\n\t\t\t\t\t<div class=\"e-con-inner\">\n\t\t\t\t<div class=\"elementor-element elementor-element-150e1b1 elementor-widget elementor-widget-image\" data-id=\"150e1b1\" data-element_type=\"widget\" data-e-type=\"widget\" data-widget_type=\"image.default\">\n\t\t\t\t<div class=\"elementor-widget-container\">\n\t\t\t\t\t\t\t\t\t\t\t\t\t\t\t<img loading=\"lazy\" decoding=\"async\" width=\"1024\" height=\"387\" src=\"https:\/\/martine-casteleyn.fr\/wp-content\/uploads\/2024\/08\/MC-1024x387.jpg\" class=\"attachment-large size-large wp-image-1090\" alt=\"\" srcset=\"https:\/\/martine-casteleyn.fr\/wp-content\/uploads\/2024\/08\/MC-1024x387.jpg 1024w, https:\/\/martine-casteleyn.fr\/wp-content\/uploads\/2024\/08\/MC-300x113.jpg 300w, https:\/\/martine-casteleyn.fr\/wp-content\/uploads\/2024\/08\/MC-768x290.jpg 768w, https:\/\/martine-casteleyn.fr\/wp-content\/uploads\/2024\/08\/MC-1536x581.jpg 1536w, https:\/\/martine-casteleyn.fr\/wp-content\/uploads\/2024\/08\/MC-2048x774.jpg 2048w\" sizes=\"(max-width: 1024px) 100vw, 1024px\" \/>\t\t\t\t\t\t\t\t\t\t\t\t\t\t\t<\/div>\n\t\t\t\t<\/div>\n\t\t\t\t\t<\/div>\n\t\t\t\t<\/div>\n\t\t<div class=\"elementor-element elementor-element-abfe123 e-flex e-con-boxed e-con e-parent\" data-id=\"abfe123\" data-element_type=\"container\" data-e-type=\"container\">\n\t\t\t\t\t<div class=\"e-con-inner\">\n\t\t<div class=\"elementor-element elementor-element-a1e9b15 e-con-full e-flex e-con e-child\" data-id=\"a1e9b15\" data-element_type=\"container\" data-e-type=\"container\">\n\t\t\t\t<div class=\"elementor-element elementor-element-a5feb98 elementor-widget elementor-widget-image\" data-id=\"a5feb98\" data-element_type=\"widget\" data-e-type=\"widget\" data-widget_type=\"image.default\">\n\t\t\t\t<div class=\"elementor-widget-container\">\n\t\t\t\t\t\t\t\t\t\t\t\t\t\t\t<img loading=\"lazy\" decoding=\"async\" width=\"885\" height=\"630\" src=\"https:\/\/martine-casteleyn.fr\/wp-content\/uploads\/2024\/06\/EauxVives_Panneau-885x630-1.jpg\" class=\"attachment-large size-large wp-image-269\" alt=\"\" srcset=\"https:\/\/martine-casteleyn.fr\/wp-content\/uploads\/2024\/06\/EauxVives_Panneau-885x630-1.jpg 885w, https:\/\/martine-casteleyn.fr\/wp-content\/uploads\/2024\/06\/EauxVives_Panneau-885x630-1-300x214.jpg 300w, https:\/\/martine-casteleyn.fr\/wp-content\/uploads\/2024\/06\/EauxVives_Panneau-885x630-1-768x547.jpg 768w\" sizes=\"(max-width: 885px) 100vw, 885px\" \/>\t\t\t\t\t\t\t\t\t\t\t\t\t\t\t<\/div>\n\t\t\t\t<\/div>\n\t\t\t\t<\/div>\n\t\t<div class=\"elementor-element elementor-element-07c8ba1 e-con-full e-flex e-con e-child\" data-id=\"07c8ba1\" data-element_type=\"container\" data-e-type=\"container\">\n\t\t\t\t<div class=\"elementor-element elementor-element-fba9297 elementor-widget elementor-widget-image\" data-id=\"fba9297\" data-element_type=\"widget\" data-e-type=\"widget\" data-widget_type=\"image.default\">\n\t\t\t\t<div class=\"elementor-widget-container\">\n\t\t\t\t\t\t\t\t\t\t\t\t\t\t\t<img loading=\"lazy\" decoding=\"async\" width=\"317\" height=\"414\" src=\"https:\/\/martine-casteleyn.fr\/wp-content\/uploads\/2024\/06\/mouvement.jpg\" class=\"attachment-large size-large wp-image-270\" alt=\"\" srcset=\"https:\/\/martine-casteleyn.fr\/wp-content\/uploads\/2024\/06\/mouvement.jpg 317w, https:\/\/martine-casteleyn.fr\/wp-content\/uploads\/2024\/06\/mouvement-230x300.jpg 230w\" sizes=\"(max-width: 317px) 100vw, 317px\" \/>\t\t\t\t\t\t\t\t\t\t\t\t\t\t\t<\/div>\n\t\t\t\t<\/div>\n\t\t\t\t<\/div>\n\t\t\t\t\t<\/div>\n\t\t\t\t<\/div>\n\t\t\t\t<\/div>\n\t\t","protected":false},"excerpt":{"rendered":"<p>RAD\u2019ART Samedi 28 et dimanche 29 septembre 2025 56670 Riantec Traces Exposition du 27 mai au 3 juin 2025 Chapelle de l\u2019h\u00f4tel DieuGd Rue Maurice Viollette28100 Dreux Plus d&rsquo;infos Paysage pas si sage Exposition du 5\u00a0au 27 avril\u00a02025 Chapelle du Saint-EspritPlace du Four Mollet56400 Auray Vernissage vendredi 4 avril 2025 \u00e0 18h30 Entr\u00e9e libre tous les jours de 11h \u00e0 18h Plus d&rsquo;infos<\/p>\n","protected":false},"author":1,"featured_media":229,"parent":0,"menu_order":0,"comment_status":"closed","ping_status":"closed","template":"elementor_theme","meta":{"_seopress_robots_primary_cat":"","_seopress_titles_title":"","_seopress_titles_desc":"","_seopress_robots_index":"","iawp_total_views":33,"footnotes":""},"class_list":["post-262","page","type-page","status-publish","has-post-thumbnail","hentry"],"_links":{"self":[{"href":"https:\/\/martine-casteleyn.fr\/index.php\/wp-json\/wp\/v2\/pages\/262","targetHints":{"allow":["GET"]}}],"collection":[{"href":"https:\/\/martine-casteleyn.fr\/index.php\/wp-json\/wp\/v2\/pages"}],"about":[{"href":"https:\/\/martine-casteleyn.fr\/index.php\/wp-json\/wp\/v2\/types\/page"}],"author":[{"embeddable":true,"href":"https:\/\/martine-casteleyn.fr\/index.php\/wp-json\/wp\/v2\/users\/1"}],"replies":[{"embeddable":true,"href":"https:\/\/martine-casteleyn.fr\/index.php\/wp-json\/wp\/v2\/comments?post=262"}],"version-history":[{"count":55,"href":"https:\/\/martine-casteleyn.fr\/index.php\/wp-json\/wp\/v2\/pages\/262\/revisions"}],"predecessor-version":[{"id":1220,"href":"https:\/\/martine-casteleyn.fr\/index.php\/wp-json\/wp\/v2\/pages\/262\/revisions\/1220"}],"wp:featuredmedia":[{"embeddable":true,"href":"https:\/\/martine-casteleyn.fr\/index.php\/wp-json\/wp\/v2\/media\/229"}],"wp:attachment":[{"href":"https:\/\/martine-casteleyn.fr\/index.php\/wp-json\/wp\/v2\/media?parent=262"}],"curies":[{"name":"wp","href":"https:\/\/api.w.org\/{rel}","templated":true}]}}