{"id":433,"date":"2024-06-06T16:53:46","date_gmt":"2024-06-06T14:53:46","guid":{"rendered":"http:\/\/martine-casteleyn.fr\/?page_id=433"},"modified":"2024-06-08T16:34:57","modified_gmt":"2024-06-08T14:34:57","slug":"les-affiches-participatives","status":"publish","type":"page","link":"https:\/\/martine-casteleyn.fr\/index.php\/les-affiches-participatives\/","title":{"rendered":"Les affiches participatives"},"content":{"rendered":"\t\t<div data-elementor-type=\"wp-page\" data-elementor-id=\"433\" class=\"elementor elementor-433\">\n\t\t\t\t<div class=\"elementor-element elementor-element-a3d6620 e-flex e-con-boxed e-con e-parent\" data-id=\"a3d6620\" data-element_type=\"container\" data-e-type=\"container\">\n\t\t\t\t\t<div class=\"e-con-inner\">\n\t\t\t\t<div class=\"elementor-element elementor-element-c09a0d5 elementor-widget elementor-widget-text-editor\" data-id=\"c09a0d5\" data-element_type=\"widget\" data-e-type=\"widget\" data-widget_type=\"text-editor.default\">\n\t\t\t\t<div class=\"elementor-widget-container\">\n\t\t\t\t\t\t\t\t\t<p>Afficher le plaisir, le bonheur, <br \/>inviter l&rsquo;autre \u00e0 exprimer ses \u00e9motions, son ressenti&#8230;<br \/>&#8230; l&rsquo;artiste est un passeur de sentiments<\/p>\t\t\t\t\t\t\t\t<\/div>\n\t\t\t\t<\/div>\n\t\t\t\t<div class=\"elementor-element elementor-element-3e03f3a elementor-widget elementor-widget-wp-widget-rbs_widget\" data-id=\"3e03f3a\" data-element_type=\"widget\" data-e-type=\"widget\" data-widget_type=\"wp-widget-rbs_widget.default\">\n\t\t\t\t<div class=\"elementor-widget-container\">\n\t\t\t\t\t<h5>Les affiches participatives<\/h5><style type=\"text\/css\" scoped>.rbs_gallery_69dcad83d174aSpinner{\r\n\t\t\t\tmargin: 50px auto;\r\n\t\t\t\twidth: 50px;\r\n\t\t\t\theight: 40px;\r\n\t\t\t\ttext-align: center;\r\n\t\t\t\tfont-size: 10px;\r\n\t\t\t}\r\n\t\t\t.rbs_gallery_69dcad83d174aSpinner > div{\r\n\t\t\t  background-color: #333;\r\n\t\t\t  height: 100%;\r\n\t\t\t  width: 6px;\r\n\t\t\t  display: inline-block;\r\n\t\t\t  -webkit-animation: rbs_gallery_69dcad83d174a-stretchdelay 1.2s infinite ease-in-out;\r\n\t\t\t  animation: rbs_gallery_69dcad83d174a-stretchdelay 1.2s infinite ease-in-out;\r\n\t\t\t}\r\n\t\t\t.rbs_gallery_69dcad83d174aSpinner .rbs_gallery_69dcad83d174aRect2 {\r\n\t\t\t  -webkit-animation-delay: -1.1s;\r\n\t\t\t  animation-delay: -1.1s;\r\n\t\t\t}\r\n\t\t\t.rbs_gallery_69dcad83d174aSpinner .rbs_gallery_69dcad83d174aRect3 {\r\n\t\t\t  -webkit-animation-delay: -1.0s;\r\n\t\t\t  animation-delay: -1.0s;\r\n\t\t\t}\r\n\t\t\t.rbs_gallery_69dcad83d174aSpinner .rbs_gallery_69dcad83d174aRect4 {\r\n\t\t\t  -webkit-animation-delay: -0.9s;\r\n\t\t\t  animation-delay: -0.9s;\r\n\t\t\t}\r\n\t\t\t.rbs_gallery_69dcad83d174aSpinner .rbs_gallery_69dcad83d174aRect5 {\r\n\t\t\t  -webkit-animation-delay: -0.8s;\r\n\t\t\t  animation-delay: -0.8s;\r\n\t\t\t}\r\n\t\t\t@-webkit-keyframes rbs_gallery_69dcad83d174a-stretchdelay {\r\n\t\t\t  0%, 40%, 100% { -webkit-transform: scaleY(0.4) }  \r\n\t\t\t  20% { -webkit-transform: scaleY(1.0) }\r\n\t\t\t}\r\n\t\t\t@keyframes rbs_gallery_69dcad83d174a-stretchdelay {\r\n\t\t\t  0%, 40%, 100% { \r\n\t\t\t    transform: scaleY(0.4);\r\n\t\t\t    -webkit-transform: scaleY(0.4);\r\n\t\t\t  }  20% { \r\n\t\t\t    transform: scaleY(1.0);\r\n\t\t\t    -webkit-transform: scaleY(1.0);\r\n\t\t\t  }\r\n\t\t\t}\r\n\t\t<\/style><div class=\"robo-gallery-wrap robo-gallery-wrap-id428 robo-gallery-masonry\" ><div id=\"rbs_gallery_69dcad83d174a-block-loader\" class=\"rbs_gallery_69dcad83d174aSpinner\"><div class=\"rbs_gallery_69dcad83d174aRect1\"><\/div> <div class=\"rbs_gallery_69dcad83d174aRect2\"><\/div> <div class=\"rbs_gallery_69dcad83d174aRect3\"><\/div> <div class=\"rbs_gallery_69dcad83d174aRect4\"><\/div> <div class=\"rbs_gallery_69dcad83d174aRect5\"><\/div><\/div><div id=\"robo_gallery_main_block_rbs_gallery_69dcad83d174a\" class=\"robogallery-gallery-428\" style=\"width:100%;  display: none;\"><div id=\"rbs_gallery_69dcad83d174a\" data-options=\"rbs_gallery_69dcad83d174a\" style=\"width:100%;\" class=\"robo_gallery  \"><div class=\"rbs-img  category428 \" ><div class=\"rbs-img-image   rbs-lightbox \" ><div class=\"rbs-img-thumbs\"  data-thumbnail=\"https:\/\/martine-casteleyn.fr\/wp-content\/uploads\/2024\/06\/sort-casteleyn_MC-600x1024.jpg\"  title=\"sort casteleyn_MC\"  data-width=\"600\"  data-height=\"1024\" ><\/div><div class=\"rbs-img-data-popup\"  data-popup=\"https:\/\/martine-casteleyn.fr\/wp-content\/uploads\/2024\/06\/sort-casteleyn_MC.jpg\"  title=\"\" ><\/div><div class=\"thumbnail-overlay\"><div class=\"rbsIcons\"><i class=\"fa fa-plus rbsZoomIcon \" ><\/i><\/div><\/div><\/div><\/div><div class=\"rbs-img  category428 \" ><div class=\"rbs-img-image   rbs-lightbox \" ><div class=\"rbs-img-thumbs\"  data-thumbnail=\"https:\/\/martine-casteleyn.fr\/wp-content\/uploads\/2024\/06\/anti-guerre-casteleyn_MC.jpg\"  title=\"anti-guerre-casteleyn_MC\"  data-width=\"1600\"  data-height=\"1600\" ><\/div><div class=\"rbs-img-data-popup\"  data-popup=\"https:\/\/martine-casteleyn.fr\/wp-content\/uploads\/2024\/06\/anti-guerre-casteleyn_MC.jpg\"  title=\"\" ><\/div><div class=\"thumbnail-overlay\"><div class=\"rbsIcons\"><i class=\"fa fa-plus rbsZoomIcon \" ><\/i><\/div><\/div><\/div><\/div><div class=\"rbs-img  category428 \" ><div class=\"rbs-img-image   rbs-lightbox \" ><div class=\"rbs-img-thumbs\"  data-thumbnail=\"https:\/\/martine-casteleyn.fr\/wp-content\/uploads\/2024\/06\/confident-casteleyn_MC-600x1024.jpg\"  title=\"confident casteleyn_MC\"  data-width=\"600\"  data-height=\"1024\" ><\/div><div class=\"rbs-img-data-popup\"  data-popup=\"https:\/\/martine-casteleyn.fr\/wp-content\/uploads\/2024\/06\/confident-casteleyn_MC.jpg\"  title=\"\" ><\/div><div class=\"thumbnail-overlay\"><div class=\"rbsIcons\"><i class=\"fa fa-plus rbsZoomIcon \" ><\/i><\/div><\/div><\/div><\/div><div class=\"rbs-img  category428 \" ><div class=\"rbs-img-image   rbs-lightbox \" ><div class=\"rbs-img-thumbs\"  data-thumbnail=\"https:\/\/martine-casteleyn.fr\/wp-content\/uploads\/2024\/06\/mur-casteleyn_MC-600x1024.jpg\"  title=\"mur casteleyn_MC\"  data-width=\"600\"  data-height=\"1024\" ><\/div><div class=\"rbs-img-data-popup\"  data-popup=\"https:\/\/martine-casteleyn.fr\/wp-content\/uploads\/2024\/06\/mur-casteleyn_MC.jpg\"  title=\"\" ><\/div><div class=\"thumbnail-overlay\"><div class=\"rbsIcons\"><i class=\"fa fa-plus rbsZoomIcon \" ><\/i><\/div><\/div><\/div><\/div><div class=\"rbs-img  category428 \" ><div class=\"rbs-img-image   rbs-lightbox \" ><div class=\"rbs-img-thumbs\"  data-thumbnail=\"https:\/\/martine-casteleyn.fr\/wp-content\/uploads\/2024\/06\/128460129_o_MC-600x1024.jpg\"  title=\"128460129_o_MC\"  data-width=\"600\"  data-height=\"1024\" ><\/div><div class=\"rbs-img-data-popup\"  data-popup=\"https:\/\/martine-casteleyn.fr\/wp-content\/uploads\/2024\/06\/128460129_o_MC.jpg\"  title=\"\" ><\/div><div class=\"thumbnail-overlay\"><div class=\"rbsIcons\"><i class=\"fa fa-plus rbsZoomIcon \" ><\/i><\/div><\/div><\/div><\/div><div class=\"rbs-img  category428 \" ><div class=\"rbs-img-image   rbs-lightbox \" ><div class=\"rbs-img-thumbs\"  data-thumbnail=\"https:\/\/martine-casteleyn.fr\/wp-content\/uploads\/2024\/06\/128460132_MC-600x1024.jpg\"  title=\"128460132_MC\"  data-width=\"600\"  data-height=\"1024\" ><\/div><div class=\"rbs-img-data-popup\"  data-popup=\"https:\/\/martine-casteleyn.fr\/wp-content\/uploads\/2024\/06\/128460132_MC.jpg\"  title=\"\" ><\/div><div class=\"thumbnail-overlay\"><div class=\"rbsIcons\"><i class=\"fa fa-plus rbsZoomIcon \" ><\/i><\/div><\/div><\/div><\/div><div class=\"rbs-img  category428 \" ><div class=\"rbs-img-image   rbs-lightbox \" ><div class=\"rbs-img-thumbs\"  data-thumbnail=\"https:\/\/martine-casteleyn.fr\/wp-content\/uploads\/2024\/06\/128460141_MC.jpg\"  title=\"128460141_MC\"  data-width=\"1600\"  data-height=\"1600\" ><\/div><div class=\"rbs-img-data-popup\"  data-popup=\"https:\/\/martine-casteleyn.fr\/wp-content\/uploads\/2024\/06\/128460141_MC.jpg\"  title=\"\" ><\/div><div class=\"thumbnail-overlay\"><div class=\"rbsIcons\"><i class=\"fa fa-plus rbsZoomIcon \" ><\/i><\/div><\/div><\/div><\/div><div class=\"rbs-img  category428 \" ><div class=\"rbs-img-image   rbs-lightbox \" ><div class=\"rbs-img-thumbs\"  data-thumbnail=\"https:\/\/martine-casteleyn.fr\/wp-content\/uploads\/2024\/06\/128685020_MC-600x1024.jpg\"  title=\"128685020_MC\"  data-width=\"600\"  data-height=\"1024\" ><\/div><div class=\"rbs-img-data-popup\"  data-popup=\"https:\/\/martine-casteleyn.fr\/wp-content\/uploads\/2024\/06\/128685020_MC.jpg\"  title=\"\" ><\/div><div class=\"thumbnail-overlay\"><div class=\"rbsIcons\"><i class=\"fa fa-plus rbsZoomIcon \" ><\/i><\/div><\/div><\/div><\/div><div class=\"rbs-img  category428 \" ><div class=\"rbs-img-image   rbs-lightbox \" ><div class=\"rbs-img-thumbs\"  data-thumbnail=\"https:\/\/martine-casteleyn.fr\/wp-content\/uploads\/2024\/06\/128685025_MC-1-600x1024.jpg\"  title=\"128685025_MC\"  data-width=\"600\"  data-height=\"1024\" ><\/div><div class=\"rbs-img-data-popup\"  data-popup=\"https:\/\/martine-casteleyn.fr\/wp-content\/uploads\/2024\/06\/128685025_MC-1.jpg\"  title=\"\" ><\/div><div class=\"thumbnail-overlay\"><div class=\"rbsIcons\"><i class=\"fa fa-plus rbsZoomIcon \" ><\/i><\/div><\/div><\/div><\/div><div class=\"rbs-img  category428 \" ><div class=\"rbs-img-image   rbs-lightbox \" ><div class=\"rbs-img-thumbs\"  data-thumbnail=\"https:\/\/martine-casteleyn.fr\/wp-content\/uploads\/2024\/06\/128329493_MC-600x1024.jpg\"  title=\"128329493_MC\"  data-width=\"600\"  data-height=\"1024\" ><\/div><div class=\"rbs-img-data-popup\"  data-popup=\"https:\/\/martine-casteleyn.fr\/wp-content\/uploads\/2024\/06\/128329493_MC.jpg\"  title=\"\" ><\/div><div class=\"thumbnail-overlay\"><div class=\"rbsIcons\"><i class=\"fa fa-plus rbsZoomIcon \" ><\/i><\/div><\/div><\/div><\/div><div class=\"rbs-img  category428 \" ><div class=\"rbs-img-image   rbs-lightbox \" ><div class=\"rbs-img-thumbs\"  data-thumbnail=\"https:\/\/martine-casteleyn.fr\/wp-content\/uploads\/2024\/06\/128329495_MC.jpg\"  title=\"128329495_MC\"  data-width=\"1042\"  data-height=\"1600\" ><\/div><div class=\"rbs-img-data-popup\"  data-popup=\"https:\/\/martine-casteleyn.fr\/wp-content\/uploads\/2024\/06\/128329495_MC.jpg\"  title=\"\" ><\/div><div class=\"thumbnail-overlay\"><div class=\"rbsIcons\"><i class=\"fa fa-plus rbsZoomIcon \" ><\/i><\/div><\/div><\/div><\/div><div class=\"rbs-img  category428 \" ><div class=\"rbs-img-image   rbs-lightbox \" ><div class=\"rbs-img-thumbs\"  data-thumbnail=\"https:\/\/martine-casteleyn.fr\/wp-content\/uploads\/2024\/06\/128329501_MC-600x1024.jpg\"  title=\"128329501_MC\"  data-width=\"600\"  data-height=\"1024\" ><\/div><div class=\"rbs-img-data-popup\"  data-popup=\"https:\/\/martine-casteleyn.fr\/wp-content\/uploads\/2024\/06\/128329501_MC.jpg\"  title=\"\" ><\/div><div class=\"thumbnail-overlay\"><div class=\"rbsIcons\"><i class=\"fa fa-plus rbsZoomIcon \" ><\/i><\/div><\/div><\/div><\/div><div class=\"rbs-img  category428 \" ><div class=\"rbs-img-image   rbs-lightbox \" ><div class=\"rbs-img-thumbs\"  data-thumbnail=\"https:\/\/martine-casteleyn.fr\/wp-content\/uploads\/2024\/06\/128329506_MC-600x1024.jpg\"  title=\"128329506_MC\"  data-width=\"600\"  data-height=\"1024\" ><\/div><div class=\"rbs-img-data-popup\"  data-popup=\"https:\/\/martine-casteleyn.fr\/wp-content\/uploads\/2024\/06\/128329506_MC.jpg\"  title=\"\" ><\/div><div class=\"thumbnail-overlay\"><div class=\"rbsIcons\"><i class=\"fa fa-plus rbsZoomIcon \" ><\/i><\/div><\/div><\/div><\/div><div class=\"rbs-img  category428 \" ><div class=\"rbs-img-image   rbs-lightbox \" ><div class=\"rbs-img-thumbs\"  data-thumbnail=\"https:\/\/martine-casteleyn.fr\/wp-content\/uploads\/2024\/06\/128453467_MC-600x1024.jpg\"  title=\"128453467_MC\"  data-width=\"600\"  data-height=\"1024\" ><\/div><div class=\"rbs-img-data-popup\"  data-popup=\"https:\/\/martine-casteleyn.fr\/wp-content\/uploads\/2024\/06\/128453467_MC.jpg\"  title=\"\" ><\/div><div class=\"thumbnail-overlay\"><div class=\"rbsIcons\"><i class=\"fa fa-plus rbsZoomIcon \" ><\/i><\/div><\/div><\/div><\/div><div class=\"rbs-img  category428 \" ><div class=\"rbs-img-image   rbs-lightbox \" ><div class=\"rbs-img-thumbs\"  data-thumbnail=\"https:\/\/martine-casteleyn.fr\/wp-content\/uploads\/2024\/06\/128453474_MC-600x1024.jpg\"  title=\"128453474_MC\"  data-width=\"600\"  data-height=\"1024\" ><\/div><div class=\"rbs-img-data-popup\"  data-popup=\"https:\/\/martine-casteleyn.fr\/wp-content\/uploads\/2024\/06\/128453474_MC.jpg\"  title=\"\" ><\/div><div class=\"thumbnail-overlay\"><div class=\"rbsIcons\"><i class=\"fa fa-plus rbsZoomIcon \" ><\/i><\/div><\/div><\/div><\/div><div class=\"rbs-img  category428 \" ><div class=\"rbs-img-image   rbs-lightbox \" ><div class=\"rbs-img-thumbs\"  data-thumbnail=\"https:\/\/martine-casteleyn.fr\/wp-content\/uploads\/2024\/06\/128453476_MC-600x1024.jpg\"  title=\"128453476_MC\"  data-width=\"600\"  data-height=\"1024\" ><\/div><div class=\"rbs-img-data-popup\"  data-popup=\"https:\/\/martine-casteleyn.fr\/wp-content\/uploads\/2024\/06\/128453476_MC.jpg\"  title=\"\" ><\/div><div class=\"thumbnail-overlay\"><div class=\"rbsIcons\"><i class=\"fa fa-plus rbsZoomIcon \" ><\/i><\/div><\/div><\/div><\/div><div class=\"rbs-img  category428 \" ><div class=\"rbs-img-image   rbs-lightbox \" ><div class=\"rbs-img-thumbs\"  data-thumbnail=\"https:\/\/martine-casteleyn.fr\/wp-content\/uploads\/2024\/06\/Vibration_MC.jpg\"  title=\"Vibration_MC\"  data-width=\"1068\"  data-height=\"1600\" ><\/div><div class=\"rbs-img-data-popup\"  data-popup=\"https:\/\/martine-casteleyn.fr\/wp-content\/uploads\/2024\/06\/Vibration_MC.jpg\"  title=\"\" ><\/div><div class=\"thumbnail-overlay\"><div class=\"rbsIcons\"><i class=\"fa fa-plus rbsZoomIcon \" ><\/i><\/div><\/div><\/div><\/div><div class=\"rbs-img  category428 \" ><div class=\"rbs-img-image   rbs-lightbox \" ><div class=\"rbs-img-thumbs\"  data-thumbnail=\"https:\/\/martine-casteleyn.fr\/wp-content\/uploads\/2024\/06\/20240212_143857_MC-600x1024.jpg\"  title=\"20240212_143857_MC\"  data-width=\"600\"  data-height=\"1024\" ><\/div><div class=\"rbs-img-data-popup\"  data-popup=\"https:\/\/martine-casteleyn.fr\/wp-content\/uploads\/2024\/06\/20240212_143857_MC.jpg\"  title=\"\" ><\/div><div class=\"thumbnail-overlay\"><div class=\"rbsIcons\"><i class=\"fa fa-plus rbsZoomIcon \" ><\/i><\/div><\/div><\/div><\/div><div class=\"rbs-img  category428 \" ><div class=\"rbs-img-image   rbs-lightbox \" ><div class=\"rbs-img-thumbs\"  data-thumbnail=\"https:\/\/martine-casteleyn.fr\/wp-content\/uploads\/2024\/06\/20240414_112054_MC-600x1024.jpg\"  title=\"20240414_112054_MC\"  data-width=\"600\"  data-height=\"1024\" ><\/div><div class=\"rbs-img-data-popup\"  data-popup=\"https:\/\/martine-casteleyn.fr\/wp-content\/uploads\/2024\/06\/20240414_112054_MC.jpg\"  title=\"\" ><\/div><div class=\"thumbnail-overlay\"><div class=\"rbsIcons\"><i class=\"fa fa-plus rbsZoomIcon \" ><\/i><\/div><\/div><\/div><\/div><div class=\"rbs-img  category428 \" ><div class=\"rbs-img-image   rbs-lightbox \" ><div class=\"rbs-img-thumbs\"  data-thumbnail=\"https:\/\/martine-casteleyn.fr\/wp-content\/uploads\/2024\/06\/20240506_133812_MC-600x1024.jpg\"  title=\"20240506_133812_MC\"  data-width=\"600\"  data-height=\"1024\" ><\/div><div class=\"rbs-img-data-popup\"  data-popup=\"https:\/\/martine-casteleyn.fr\/wp-content\/uploads\/2024\/06\/20240506_133812_MC.jpg\"  title=\"\" ><\/div><div class=\"thumbnail-overlay\"><div class=\"rbsIcons\"><i class=\"fa fa-plus rbsZoomIcon \" ><\/i><\/div><\/div><\/div><\/div><div class=\"rbs-img  category428 \" ><div class=\"rbs-img-image   rbs-lightbox \" ><div class=\"rbs-img-thumbs\"  data-thumbnail=\"https:\/\/martine-casteleyn.fr\/wp-content\/uploads\/2024\/06\/20240506_134357_MC.jpg\"  title=\"20240506_134357_MC\"  data-width=\"1111\"  data-height=\"1600\" ><\/div><div class=\"rbs-img-data-popup\"  data-popup=\"https:\/\/martine-casteleyn.fr\/wp-content\/uploads\/2024\/06\/20240506_134357_MC.jpg\"  title=\"\" ><\/div><div class=\"thumbnail-overlay\"><div class=\"rbsIcons\"><i class=\"fa fa-plus rbsZoomIcon \" ><\/i><\/div><\/div><\/div><\/div><div class=\"rbs-img  category428 \" ><div class=\"rbs-img-image   rbs-lightbox \" ><div class=\"rbs-img-thumbs\"  data-thumbnail=\"https:\/\/martine-casteleyn.fr\/wp-content\/uploads\/2024\/06\/20240522_124930_MC-600x1024.jpg\"  title=\"20240522_124930_MC\"  data-width=\"600\"  data-height=\"1024\" ><\/div><div class=\"rbs-img-data-popup\"  data-popup=\"https:\/\/martine-casteleyn.fr\/wp-content\/uploads\/2024\/06\/20240522_124930_MC.jpg\"  title=\"\" ><\/div><div class=\"thumbnail-overlay\"><div class=\"rbsIcons\"><i class=\"fa fa-plus rbsZoomIcon \" ><\/i><\/div><\/div><\/div><\/div><div class=\"rbs-img  category428 \" ><div class=\"rbs-img-image   rbs-lightbox \" ><div class=\"rbs-img-thumbs\"  data-thumbnail=\"https:\/\/martine-casteleyn.fr\/wp-content\/uploads\/2024\/06\/20240524_105417_MC-600x1024.jpg\"  title=\"20240524_105417_MC\"  data-width=\"600\"  data-height=\"1024\" ><\/div><div class=\"rbs-img-data-popup\"  data-popup=\"https:\/\/martine-casteleyn.fr\/wp-content\/uploads\/2024\/06\/20240524_105417_MC.jpg\"  title=\"\" ><\/div><div class=\"thumbnail-overlay\"><div class=\"rbsIcons\"><i class=\"fa fa-plus rbsZoomIcon \" ><\/i><\/div><\/div><\/div><\/div><div class=\"rbs-img  category428 \" ><div class=\"rbs-img-image   rbs-lightbox \" ><div class=\"rbs-img-thumbs\"  data-thumbnail=\"https:\/\/martine-casteleyn.fr\/wp-content\/uploads\/2024\/06\/123622088_o_MC-600x1024.jpg\"  title=\"123622088_o_MC\"  data-width=\"600\"  data-height=\"1024\" ><\/div><div class=\"rbs-img-data-popup\"  data-popup=\"https:\/\/martine-casteleyn.fr\/wp-content\/uploads\/2024\/06\/123622088_o_MC.jpg\"  title=\"\" ><\/div><div class=\"thumbnail-overlay\"><div class=\"rbsIcons\"><i class=\"fa fa-plus rbsZoomIcon \" ><\/i><\/div><\/div><\/div><\/div><div class=\"rbs-img  category428 \" ><div class=\"rbs-img-image   rbs-lightbox \" ><div class=\"rbs-img-thumbs\"  data-thumbnail=\"https:\/\/martine-casteleyn.fr\/wp-content\/uploads\/2024\/06\/123622114_MC.jpg\"  title=\"123622114_MC\"  data-width=\"1202\"  data-height=\"1600\" ><\/div><div class=\"rbs-img-data-popup\"  data-popup=\"https:\/\/martine-casteleyn.fr\/wp-content\/uploads\/2024\/06\/123622114_MC.jpg\"  title=\"\" ><\/div><div class=\"thumbnail-overlay\"><div class=\"rbsIcons\"><i class=\"fa fa-plus rbsZoomIcon \" ><\/i><\/div><\/div><\/div><\/div><\/div><\/div><\/div><script>var rbs_gallery_69dcad83d174a = {\"version\":\"5.1.4\",\"id\":428,\"class\":\"id428\",\"roboGalleryDelay\":1000,\"mainContainer\":\"#robo_gallery_main_block_rbs_gallery_69dcad83d174a\",\"loadingContainer\":\"#rbs_gallery_69dcad83d174a-block-loader\",\"loadingContainerObj\":\"rbs_gallery_69dcad83d174a-block-loader\",\"columnWidth\":\"auto\",\"columns\":3,\"resolutions\":[{\"columnWidth\":\"auto\",\"columns\":3,\"maxWidth\":960},{\"columnWidth\":\"auto\",\"columns\":2,\"maxWidth\":650},{\"columnWidth\":\"auto\",\"columns\":1,\"maxWidth\":450}],\"hideTitle\":true,\"lightboxOptions\":{\"gallery\":{\"enabled\":true,\"tCounter\":\"%curr% of %total%\"}},\"overlayEffect\":\"direction-aware-fade\",\"boxesToLoadStart\":12,\"boxesToLoad\":8,\"waitUntilThumbLoads\":1,\"LoadingWord\":\"Loading...\",\"loadMoreWord\":\"Load More\",\"noMoreEntriesWord\":\"No More Entries\",\"horizontalSpaceBetweenBoxes\":15,\"verticalSpaceBetweenBoxes\":15,\"lazyLoad\":1,\"wrapContainer\":\"#robo-gallery-wrap-rbs_gallery_69dcad83d174a\"};<\/script>\t\t\t\t<\/div>\n\t\t\t\t<\/div>\n\t\t\t\t\t<\/div>\n\t\t\t\t<\/div>\n\t\t<div class=\"elementor-element elementor-element-7e26baa e-flex e-con-boxed e-con e-parent\" data-id=\"7e26baa\" data-element_type=\"container\" data-e-type=\"container\">\n\t\t\t\t\t<div class=\"e-con-inner\">\n\t\t<div class=\"elementor-element elementor-element-5ca1309 e-con-full e-flex e-con e-child\" data-id=\"5ca1309\" data-element_type=\"container\" data-e-type=\"container\">\n\t\t\t\t<div class=\"elementor-element elementor-element-02107a4 elementor-view-default elementor-widget elementor-widget-icon\" data-id=\"02107a4\" data-element_type=\"widget\" data-e-type=\"widget\" data-widget_type=\"icon.default\">\n\t\t\t\t<div class=\"elementor-widget-container\">\n\t\t\t\t\t\t\t<div class=\"elementor-icon-wrapper\">\n\t\t\t<div class=\"elementor-icon\">\n\t\t\t<svg aria-hidden=\"true\" class=\"e-font-icon-svg e-fas-quote-left\" viewBox=\"0 0 512 512\" xmlns=\"http:\/\/www.w3.org\/2000\/svg\"><path d=\"M464 256h-80v-64c0-35.3 28.7-64 64-64h8c13.3 0 24-10.7 24-24V56c0-13.3-10.7-24-24-24h-8c-88.4 0-160 71.6-160 160v240c0 26.5 21.5 48 48 48h128c26.5 0 48-21.5 48-48V304c0-26.5-21.5-48-48-48zm-288 0H96v-64c0-35.3 28.7-64 64-64h8c13.3 0 24-10.7 24-24V56c0-13.3-10.7-24-24-24h-8C71.6 32 0 103.6 0 192v240c0 26.5 21.5 48 48 48h128c26.5 0 48-21.5 48-48V304c0-26.5-21.5-48-48-48z\"><\/path><\/svg>\t\t\t<\/div>\n\t\t<\/div>\n\t\t\t\t\t\t<\/div>\n\t\t\t\t<\/div>\n\t\t\t\t<\/div>\n\t\t<div class=\"elementor-element elementor-element-21a4eef e-con-full e-flex e-con e-child\" data-id=\"21a4eef\" data-element_type=\"container\" data-e-type=\"container\">\n\t\t\t\t<div class=\"elementor-element elementor-element-f32f29a elementor-widget__width-initial elementor-widget elementor-widget-text-editor\" data-id=\"f32f29a\" data-element_type=\"widget\" data-e-type=\"widget\" data-widget_type=\"text-editor.default\">\n\t\t\t\t<div class=\"elementor-widget-container\">\n\t\t\t\t\t\t\t\t\t<blockquote><p><em>Les grandes affiches de Martine Casteleyn sont jubilatoires. Elles sont autant d\u2019\u0153uvres d\u2019art authentiques aux couleurs fra\u00eeches et \u00e0 la construction vigoureuse, qui d\u00e9passent la simple cocasserie pour nous interpeler sur notre na\u00efvet\u00e9 en m\u00eame temps que sur nos aspirations.<\/em><\/p><\/blockquote>\t\t\t\t\t\t\t\t<\/div>\n\t\t\t\t<\/div>\n\t\t\t\t<\/div>\n\t\t\t\t\t<\/div>\n\t\t\t\t<\/div>\n\t\t\t\t<\/div>\n\t\t","protected":false},"excerpt":{"rendered":"<p>Afficher le plaisir, le bonheur, inviter l&rsquo;autre \u00e0 exprimer ses \u00e9motions, son ressenti&#8230;&#8230; l&rsquo;artiste est un passeur de sentiments Les grandes affiches de Martine Casteleyn sont jubilatoires. Elles sont autant d\u2019\u0153uvres d\u2019art authentiques aux couleurs fra\u00eeches et \u00e0 la construction vigoureuse, qui d\u00e9passent la simple cocasserie pour nous interpeler sur notre na\u00efvet\u00e9 en m\u00eame temps que sur nos aspirations.<\/p>\n","protected":false},"author":1,"featured_media":429,"parent":0,"menu_order":0,"comment_status":"closed","ping_status":"closed","template":"elementor_theme","meta":{"_seopress_robots_primary_cat":"","_seopress_titles_title":"","_seopress_titles_desc":"","_seopress_robots_index":"","iawp_total_views":12,"footnotes":""},"class_list":["post-433","page","type-page","status-publish","has-post-thumbnail","hentry"],"_links":{"self":[{"href":"https:\/\/martine-casteleyn.fr\/index.php\/wp-json\/wp\/v2\/pages\/433","targetHints":{"allow":["GET"]}}],"collection":[{"href":"https:\/\/martine-casteleyn.fr\/index.php\/wp-json\/wp\/v2\/pages"}],"about":[{"href":"https:\/\/martine-casteleyn.fr\/index.php\/wp-json\/wp\/v2\/types\/page"}],"author":[{"embeddable":true,"href":"https:\/\/martine-casteleyn.fr\/index.php\/wp-json\/wp\/v2\/users\/1"}],"replies":[{"embeddable":true,"href":"https:\/\/martine-casteleyn.fr\/index.php\/wp-json\/wp\/v2\/comments?post=433"}],"version-history":[{"count":10,"href":"https:\/\/martine-casteleyn.fr\/index.php\/wp-json\/wp\/v2\/pages\/433\/revisions"}],"predecessor-version":[{"id":934,"href":"https:\/\/martine-casteleyn.fr\/index.php\/wp-json\/wp\/v2\/pages\/433\/revisions\/934"}],"wp:featuredmedia":[{"embeddable":true,"href":"https:\/\/martine-casteleyn.fr\/index.php\/wp-json\/wp\/v2\/media\/429"}],"wp:attachment":[{"href":"https:\/\/martine-casteleyn.fr\/index.php\/wp-json\/wp\/v2\/media?parent=433"}],"curies":[{"name":"wp","href":"https:\/\/api.w.org\/{rel}","templated":true}]}}